{"id":25732,"date":"2023-11-28T19:03:03","date_gmt":"2023-11-28T18:03:03","guid":{"rendered":"https:\/\/setaffiliatebusiness.com\/?page_id=25732"},"modified":"2024-03-21T18:01:39","modified_gmt":"2024-03-21T17:01:39","slug":"affiliate-program-directory","status":"publish","type":"page","link":"https:\/\/setaffiliatebusiness.com\/cz\/affiliate-program-directory\/","title":{"rendered":"Adres\u00e1\u0159 partnersk\u00fdch program\u016f"},"content":{"rendered":"<div class=\"gb-container gb-container-47dfbc84\">\n\n<p>Welcome to our Affiliate Program Directory, a curated list of companies offering affiliate programs. <\/p>\n\n<\/div>\n\n\n<p>Explore the opportunities below to find the right affiliate program for you.<\/p>\n\n\n<div class=\"gb-container gb-container-d7375cc5\">\n\n<h2 class=\"gb-headline gb-headline-c52ab27a gb-headline-text\">A <a href=\"#B\" title=\"\">B<\/a> <a href=\"#C\" title=\"\">C<\/a> <a href=\"#D\" title=\"\">D<\/a> <a href=\"#E\" title=\"\">E<\/a> <a href=\"#F\" title=\"\">F<\/a> <a href=\"#G\" title=\"\">G<\/a> <a href=\"#H\" title=\"\">H<\/a> <a href=\"#I\" title=\"\">I<\/a> <a href=\"#J\" title=\"\">J<\/a> <a href=\"#K\" title=\"\">K<\/a> <a href=\"#L\" title=\"\">L<\/a> <a href=\"#M\" title=\"\">M<\/a> <a href=\"#N\" title=\"N\">N<\/a> <a href=\"#O\" title=\"\">O<\/a> <a href=\"#P\" title=\"\">P<\/a> <a href=\"#Q\" title=\"\">Q<\/a> <a href=\"#R\" title=\"\">R<\/a> <a href=\"#S\" title=\"\">S<\/a> <a href=\"#T\" title=\"T\">T<\/a> <a href=\"#U\" title=\"U\">U<\/a> <a href=\"#V\" title=\"\">V<\/a> <a href=\"#W\" title=\"\">W<\/a> <a href=\"#X\" title=\"\">X<\/a> <a href=\"#Y\" title=\"\">Y<\/a> <a href=\"#Z\" title=\"Z\">Z<\/a><\/h2>\n\n<\/div>\n\n\n<h2 class=\"wp-block-heading\">A<\/h2>\n\n\n\n<h2 class=\"wp-block-heading\" id=\"B\">B<\/h2>\n\n\n\n<ul>\n<li><a href=\"https:\/\/setaffiliatebusiness.com\/cz\/affiliate-program-directory\/binance-affiliate-program\/\">Binance Affiliate Program<\/a><\/li>\n\n\n\n<li>Bitcoin IRA affiliate program<\/li>\n\n\n\n<li>Bitget affiliate program<\/li>\n\n\n\n<li>Bitrue affiliate program<\/li>\n\n\n\n<li><a href=\"https:\/\/setaffiliatebusiness.com\/cz\/affiliate-program-directory\/bitsgap-affiliate-program\/\">Bitsgap Affiliate Program<\/a><\/li>\n\n\n\n<li>Bitvavo Affiliate Program<\/li>\n\n\n\n<li>BlockFi affiliate program<\/li>\n\n\n\n<li><a href=\"https:\/\/setaffiliatebusiness.com\/cz\/affiliate-program-directory\/bybit-affiliate-program\/\" title=\"\">Bybit Affiliate Program<\/a><\/li>\n<\/ul>\n\n\n\n<h2 class=\"wp-block-heading\" id=\"C\">C<\/h2>\n\n\n\n<ul>\n<li><a href=\"https:\/\/setaffiliatebusiness.com\/cz\/affiliate-program-directory\/canva-affiliate-program\/\">Canva Affiliate Program<\/a><\/li>\n\n\n\n<li>CCG Mining affiliate program<\/li>\n\n\n\n<li><a href=\"https:\/\/setaffiliatebusiness.com\/cz\/affiliate-program-directory\/cex-io-affiliate-program\/\">CEX affiliate program<\/a><\/li>\n\n\n\n<li><a href=\"https:\/\/setaffiliatebusiness.com\/cz\/affiliate-program-directory\/changelly-affiliate-program-review\/\">Changelly Affiliate Program<\/a><\/li>\n\n\n\n<li><a href=\"https:\/\/setaffiliatebusiness.com\/cz\/affiliate-program-directory\/coinbase-affiliate-program\/\">Coinbase Affiliate Program<\/a><\/li>\n\n\n\n<li><a href=\"https:\/\/setaffiliatebusiness.com\/cz\/affiliate-program-directory\/coinledger-affiliate-program\/\">CoinLedger Affiliate Program<\/a><\/li>\n\n\n\n<li><a href=\"https:\/\/setaffiliatebusiness.com\/cz\/affiliate-program-directory\/coinmama-affiliate-program\/\">Coinmama Affiliate Program<\/a><\/li>\n\n\n\n<li>Coinrule affiliate program<\/li>\n\n\n\n<li>Crypto Bubbles Affiliate Program<\/li>\n\n\n\n<li><a href=\"https:\/\/setaffiliatebusiness.com\/cz\/affiliate-program-directory\/cryptohopper-affiliate-program\/\">Cryptohopper Affiliate Program<\/a><\/li>\n\n\n\n<li><a href=\"https:\/\/setaffiliatebusiness.com\/cz\/affiliate-program-directory\/crypto-com-affiliate-program\/\" title=\"\">Crypto.com Affiliate Program<\/a><\/li>\n<\/ul>\n\n\n\n<h2 class=\"wp-block-heading\" id=\"D\">D<\/h2>\n\n\n\n<h2 class=\"wp-block-heading\" id=\"E\">E<\/h2>\n\n\n\n<ul>\n<li><a href=\"https:\/\/setaffiliatebusiness.com\/cz\/affiliate-program-directory\/eightcap-affiliate-program\/\" title=\"\">Eightcap Affiliate Program<\/a><\/li>\n\n\n\n<li><a href=\"https:\/\/setaffiliatebusiness.com\/cz\/affiliate-program-directory\/etoro-affiliate-program\/\">Etoro Affiliate Program<\/a><\/li>\n\n\n\n<li><a href=\"https:\/\/setaffiliatebusiness.com\/cz\/affiliate-program-directory\/exploding-topics-affiliate-program-review\/\">Exploding Topics Affiliate Program<\/a><\/li>\n<\/ul>\n\n\n\n<h2 class=\"wp-block-heading\" id=\"F\">F<\/h2>\n\n\n\n<ul>\n<li><a href=\"https:\/\/setaffiliatebusiness.com\/cz\/affiliate-program-directory\/farfetch-affiliate-program-review\/\">Farfetch Affiliate Program<\/a><\/li>\n<\/ul>\n\n\n\n<h2 class=\"wp-block-heading\" id=\"G\">G<\/h2>\n\n\n\n<h2 class=\"wp-block-heading\" id=\"H\">H<\/h2>\n\n\n\n<ul>\n<li>Huobi affiliate program<\/li>\n<\/ul>\n\n\n\n<h2 class=\"wp-block-heading\" id=\"I\">I<\/h2>\n\n\n\n<h2 class=\"wp-block-heading\" id=\"J\">J<\/h2>\n\n\n\n<h2 class=\"wp-block-heading\" id=\"K\">K<\/h2>\n\n\n\n<ul>\n<li>KeepKey affiliate program<\/li>\n\n\n\n<li><a href=\"https:\/\/setaffiliatebusiness.com\/cz\/affiliate-program-directory\/kraken-affiliate-program\/\">Kraken Affiliate Program<\/a><\/li>\n\n\n\n<li>Kucoin affiliate program<\/li>\n<\/ul>\n\n\n\n<h2 class=\"wp-block-heading\" id=\"L\">L<\/h2>\n\n\n\n<ul>\n<li><a href=\"https:\/\/setaffiliatebusiness.com\/cz\/affiliate-program-directory\/ledger-affiliate-program-review\/\">Ledger Affiliate Program<\/a><\/li>\n\n\n\n<li><a href=\"https:\/\/setaffiliatebusiness.com\/cz\/affiliate-program-directory\/lego-affiliate-program\/\">Lego Affiliate Program<\/a><\/li>\n\n\n\n<li><a href=\"https:\/\/setaffiliatebusiness.com\/cz\/affiliate-program-directory\/localbitcoins-affiliate-program\/\">LocalBitcoins Affiliate Program<\/a><\/li>\n<\/ul>\n\n\n\n<h2 class=\"wp-block-heading\" id=\"M\">M<\/h2>\n\n\n\n<ul>\n<li><a href=\"https:\/\/setaffiliatebusiness.com\/cz\/affiliate-program-directory\/mexc-affiliate-program\/\">MEXC affiliate program<\/a><\/li>\n<\/ul>\n\n\n\n<h2 class=\"wp-block-heading\" id=\"N\">N<\/h2>\n\n\n\n<h2 class=\"wp-block-heading\" id=\"O\">O<\/h2>\n\n\n\n<ul>\n<li><a href=\"https:\/\/setaffiliatebusiness.com\/cz\/affiliate-program-directory\/okx-affiliate-program\/\">OKX affiliate program<\/a><\/li>\n<\/ul>\n\n\n\n<h2 class=\"wp-block-heading\" id=\"P\">P<\/h2>\n\n\n\n<ul>\n<li>Paybis affiliate program<\/li>\n\n\n\n<li><a href=\"https:\/\/setaffiliatebusiness.com\/cz\/affiliate-program-directory\/phemex-affiliate-program\/\">Phemex Affiliate Program<\/a><\/li>\n\n\n\n<li>Pionex affiliate program<\/li>\n\n\n\n<li><a href=\"https:\/\/setaffiliatebusiness.com\/cz\/affiliate-program-directory\/plus500-affiliate-program\/\">Plus500 Affiliate Program<\/a><\/li>\n\n\n\n<li>Primexbt affiliate program<\/li>\n<\/ul>\n\n\n\n<h2 class=\"wp-block-heading\" id=\"Q\">Q<\/h2>\n\n\n\n<h2 class=\"wp-block-heading\" id=\"R\">R<\/h2>\n\n\n\n<h2 class=\"wp-block-heading\" id=\"S\">S <\/h2>\n\n\n\n<ul>\n<li><a href=\"https:\/\/setaffiliatebusiness.com\/cz\/affiliate-program-directory\/shein-affiliate-program\/\">SHEIN Affiliate Program<\/a><\/li>\n\n\n\n<li><a href=\"https:\/\/setaffiliatebusiness.com\/cz\/affiliate-program-directory\/simpleswap-affiliate-program-review\/\">SimpleSwap Affiliate Program<\/a><\/li>\n<\/ul>\n\n\n\n<h2 class=\"wp-block-heading\" id=\"T\">T<\/h2>\n\n\n\n<ul>\n<li><a href=\"https:\/\/setaffiliatebusiness.com\/cz\/affiliate-program-directory\/tapfiliate-affiliate-program\/\">Tapfiliate Affiliate Program<\/a><\/li>\n\n\n\n<li>TradingView Affiliate Program<\/li>\n\n\n\n<li>TrafficOn Affiliate Program<\/li>\n\n\n\n<li><a href=\"https:\/\/setaffiliatebusiness.com\/cz\/affiliate-program-directory\/trezor-affiliate-program-review\/\">Trezor Affiliate Program<\/a><\/li>\n<\/ul>\n\n\n\n<h2 class=\"wp-block-heading\" id=\"U\">U<\/h2>\n\n\n\n<h2 class=\"wp-block-heading\" id=\"V\">V<\/h2>\n\n\n\n<h2 class=\"wp-block-heading\" id=\"W\">W<\/h2>\n\n\n\n<ul>\n<li><a href=\"https:\/\/setaffiliatebusiness.com\/cz\/affiliate-program-directory\/wealthy-affiliate-affiliate-program\/\">Wealthy Affiliate Affiliate Program<\/a><\/li>\n<\/ul>\n\n\n\n<h2 class=\"wp-block-heading\" id=\"X\">X<\/h2>\n\n\n\n<h2 class=\"wp-block-heading\" id=\"Y\">Y<\/h2>\n\n\n\n<h2 class=\"wp-block-heading\" id=\"Z\">Z<\/h2>","protected":false},"excerpt":{"rendered":"<p>Welcome to our Affiliate Program Directory, a curated list of companies offering affiliate programs. Explore the opportunities below to find the right affiliate program for you. A B C D E F G H I J K L M N O P Q R S T U V W X Y Z A B C &#8230; <\/p>\n<p class=\"read-more-container\"><a title=\"Adres\u00e1\u0159 partnersk\u00fdch program\u016f\" class=\"read-more button\" href=\"https:\/\/setaffiliatebusiness.com\/cz\/affiliate-program-directory\/#more-25732\" aria-label=\"\u010c\u00edst v\u00edce o Affiliate Program Directory\">Read more<\/a><\/p>","protected":false},"author":2,"featured_media":0,"parent":0,"menu_order":0,"comment_status":"closed","ping_status":"closed","template":"","meta":{"footnotes":""},"aioseo_notices":[],"_links":{"self":[{"href":"https:\/\/setaffiliatebusiness.com\/cz\/wp-json\/wp\/v2\/pages\/25732"}],"collection":[{"href":"https:\/\/setaffiliatebusiness.com\/cz\/wp-json\/wp\/v2\/pages"}],"about":[{"href":"https:\/\/setaffiliatebusiness.com\/cz\/wp-json\/wp\/v2\/types\/page"}],"author":[{"embeddable":true,"href":"https:\/\/setaffiliatebusiness.com\/cz\/wp-json\/wp\/v2\/users\/2"}],"replies":[{"embeddable":true,"href":"https:\/\/setaffiliatebusiness.com\/cz\/wp-json\/wp\/v2\/comments?post=25732"}],"version-history":[{"count":35,"href":"https:\/\/setaffiliatebusiness.com\/cz\/wp-json\/wp\/v2\/pages\/25732\/revisions"}],"predecessor-version":[{"id":27312,"href":"https:\/\/setaffiliatebusiness.com\/cz\/wp-json\/wp\/v2\/pages\/25732\/revisions\/27312"}],"wp:attachment":[{"href":"https:\/\/setaffiliatebusiness.com\/cz\/wp-json\/wp\/v2\/media?parent=25732"}],"curies":[{"name":"wp","href":"https:\/\/api.w.org\/{rel}","templated":true}]}}