{"id":126,"date":"2018-03-19T21:56:53","date_gmt":"2018-03-19T21:56:53","guid":{"rendered":"https:\/\/setaffiliatebusiness.com\/?page_id=126"},"modified":"2024-01-16T13:50:58","modified_gmt":"2024-01-16T12:50:58","slug":"contact","status":"publish","type":"page","link":"https:\/\/setaffiliatebusiness.com\/cz\/contact\/","title":{"rendered":"Kontakt"},"content":{"rendered":"<h3 class=\"wp-block-heading\">Hi There,<\/h3>\n\n\n\n<p>If you want to reach me just go to the<a href=\"https:\/\/setaffiliatebusiness.com\/cz\/about-me\/\"> O Mikeovi<\/a> page where you can leave a comment. <\/p>\n\n\n\n<p>Alternatively, you can send me an email at:<\/p>\n\n\n\n<p><em>mike@setaffiliatebusiness.com<\/em><\/p>\n\n\n\n<p>I will provide you with feedback within 24 hours. <\/p>\n\n\n\n<p>Follow me on:<\/p>\n\n\n\n<p><a href=\"https:\/\/www.facebook.com\/mike.mudesi.3\/\" target=\"_blank\" rel=\"noreferrer noopener\">Facebook<\/a>, <a href=\"https:\/\/twitter.com\/MikeMudesi\" target=\"_blank\" rel=\"noreferrer noopener\">Twitter<\/a>, <a href=\"https:\/\/sk.pinterest.com\/SetAffiliateBusiness\/\" target=\"_blank\" rel=\"noreferrer noopener\">Pinterest<\/a>, or <a href=\"https:\/\/www.instagram.com\/mike_mudesi\/\" target=\"_blank\" rel=\"noreferrer noopener\">Instagram<\/a><\/p>\n\n\n\n<p>Thank you, <br>your Mike from <a href=\"https:\/\/setaffiliatebusiness.com\/cz\/\">Nastaven\u00ed partnersk\u00e9ho podnik\u00e1n\u00ed<\/a>.<br>Hlavna, Trnava<br>Trnavsky Region 91701<br>Slovakia &#8211; Europe<\/p>","protected":false},"excerpt":{"rendered":"<p>Hi There, If you want to reach me just go to the About Mike page where you can leave a comment. Alternatively, you can send me an email at: mike@setaffiliatebusiness.com I will provide you with feedback within 24 hours. Follow me on: Facebook, Twitter, Pinterest, or Instagram Thank you, your Mike from Set Affiliate Business.Hlavna, &#8230; <\/p>\n<p class=\"read-more-container\"><a title=\"Kontakt\" class=\"read-more button\" href=\"https:\/\/setaffiliatebusiness.com\/cz\/contact\/#more-126\" aria-label=\"\u010c\u00edst v\u00edce o Contact\">Read more<\/a><\/p>","protected":false},"author":2,"featured_media":0,"parent":0,"menu_order":0,"comment_status":"closed","ping_status":"closed","template":"","meta":{"footnotes":""},"aioseo_notices":[],"_links":{"self":[{"href":"https:\/\/setaffiliatebusiness.com\/cz\/wp-json\/wp\/v2\/pages\/126"}],"collection":[{"href":"https:\/\/setaffiliatebusiness.com\/cz\/wp-json\/wp\/v2\/pages"}],"about":[{"href":"https:\/\/setaffiliatebusiness.com\/cz\/wp-json\/wp\/v2\/types\/page"}],"author":[{"embeddable":true,"href":"https:\/\/setaffiliatebusiness.com\/cz\/wp-json\/wp\/v2\/users\/2"}],"replies":[{"embeddable":true,"href":"https:\/\/setaffiliatebusiness.com\/cz\/wp-json\/wp\/v2\/comments?post=126"}],"version-history":[{"count":7,"href":"https:\/\/setaffiliatebusiness.com\/cz\/wp-json\/wp\/v2\/pages\/126\/revisions"}],"predecessor-version":[{"id":26242,"href":"https:\/\/setaffiliatebusiness.com\/cz\/wp-json\/wp\/v2\/pages\/126\/revisions\/26242"}],"wp:attachment":[{"href":"https:\/\/setaffiliatebusiness.com\/cz\/wp-json\/wp\/v2\/media?parent=126"}],"curies":[{"name":"wp","href":"https:\/\/api.w.org\/{rel}","templated":true}]}}